{"id":3837,"date":"2012-10-25T12:32:14","date_gmt":"2012-10-25T10:32:14","guid":{"rendered":"https:\/\/www.tempco.it\/blog\/?page_id=3837"},"modified":"2019-01-15T18:16:23","modified_gmt":"2019-01-15T17:16:23","slug":"scelta-scambiatore","status":"publish","type":"page","link":"https:\/\/www.tempco.it\/blog\/scelta-scambiatore\/","title":{"rendered":"Scelta scambiatore"},"content":{"rendered":"<p>Gli <strong>scambiatori di calore saldobrasati<\/strong> sono una tipologia di macchina termica versatile, ad alta efficienza di trasferimento termico e adatta a ogni genere di applicazione ed esigenza: in sistemi di raffreddamento, chiller e free cooler, applicazioni industriali per pastorizzazione, pompe di calore, industrie alimentari, recupero di calore di scarto, macchine utensili, sistemi di lubrificazione per raffreddamento olio idraulico.<\/p>\n<p>Tempco dispone di scambiatori saldobrasati T PLATE B per ogni necessit\u00e0, ed \u00e8 importante conoscere con precisione le condizioni di impiego finali per scegliere lo scambiatore pi\u00f9 adeguato a svolgere il lavoro termico richiesto. A seconda di temperature di lavoro e pressioni, ma anche della tipologia pi\u00f9 o meno aggressiva dei fluidi da termoregolare, \u00e8 infatti opportuno propendere per certi tipi di materiali delle piastre e di brasatura del pacco piastre, pi\u00f9 o meno resistenti a condizioni estreme e corrosione.<\/p>\n<p>Qui di seguito, abbiamo riassunto in una tabella di facile consultazione alcuni dei possibili impieghi, con indicazione dei tipi di scambiatore T PLATE B che meglio si abbinano, a seconda delle loro prestazioni, al fine di operare una prima scelta orientativa.<\/p>\n<p style=\"text-align: center;\"><a href=\"https:\/\/www.tempco.it\/blog\/wp-content\/uploads\/2012\/10\/catalogo-scambiatori-saldobrasati.png\"><img decoding=\"async\" loading=\"lazy\" class=\"aligncenter  wp-image-3844\" title=\"catalogo-scambiatori-saldobrasati\" src=\"https:\/\/www.tempco.it\/blog\/wp-content\/uploads\/2012\/10\/catalogo-scambiatori-saldobrasati.png\" alt=\"\" width=\"491\" height=\"308\" srcset=\"https:\/\/www.tempco.it\/blog\/wp-content\/uploads\/2012\/10\/catalogo-scambiatori-saldobrasati.png 774w, https:\/\/www.tempco.it\/blog\/wp-content\/uploads\/2012\/10\/catalogo-scambiatori-saldobrasati-300x188.png 300w\" sizes=\"(max-width: 491px) 100vw, 491px\" \/><\/a><\/p>\n<p>Non esitate a contattare Tempco per scegliere con maggiore sicurezza lo scambiatore di calore pi\u00f9 adatto al vostro tipo di applicazione!<\/p>\n","protected":false},"excerpt":{"rendered":"<p>Gli scambiatori di calore saldobrasati sono una tipologia di macchina termica versatile, ad alta efficienza di trasferimento termico e adatta [&hellip;]<\/p>\n","protected":false},"author":10,"featured_media":0,"parent":0,"menu_order":3,"comment_status":"open","ping_status":"open","template":"","meta":[],"yoast_head":"<!-- This site is optimized with the Yoast SEO plugin v20.5 - https:\/\/yoast.com\/wordpress\/plugins\/seo\/ -->\n<title>Scelta scambiatore - Tempco Blog<\/title>\n<meta name=\"robots\" content=\"index, follow, max-snippet:-1, max-image-preview:large, max-video-preview:-1\" \/>\n<link rel=\"canonical\" href=\"https:\/\/www.tempco.it\/blog\/scelta-scambiatore\/\" \/>\n<meta property=\"og:locale\" content=\"it_IT\" \/>\n<meta property=\"og:type\" content=\"article\" \/>\n<meta property=\"og:title\" content=\"Scelta scambiatore - Tempco Blog\" \/>\n<meta property=\"og:description\" content=\"Gli scambiatori di calore saldobrasati sono una tipologia di macchina termica versatile, ad alta efficienza di trasferimento termico e adatta [&hellip;]\" \/>\n<meta property=\"og:url\" content=\"https:\/\/www.tempco.it\/blog\/scelta-scambiatore\/\" \/>\n<meta property=\"og:site_name\" content=\"Tempco Blog\" \/>\n<meta property=\"article:publisher\" content=\"https:\/\/www.facebook.com\/tempco.srl\" \/>\n<meta property=\"article:modified_time\" content=\"2019-01-15T17:16:23+00:00\" \/>\n<meta property=\"og:image\" content=\"https:\/\/www.tempco.it\/blog\/wp-content\/uploads\/2012\/10\/catalogo-scambiatori-saldobrasati.png\" \/>\n<meta name=\"twitter:card\" content=\"summary_large_image\" \/>\n<meta name=\"twitter:site\" content=\"@Tempco_it\" \/>\n<meta name=\"twitter:label1\" content=\"Tempo di lettura stimato\" \/>\n\t<meta name=\"twitter:data1\" content=\"1 minuto\" \/>\n<script type=\"application\/ld+json\" class=\"yoast-schema-graph\">{\"@context\":\"https:\/\/schema.org\",\"@graph\":[{\"@type\":\"WebPage\",\"@id\":\"https:\/\/www.tempco.it\/blog\/scelta-scambiatore\/\",\"url\":\"https:\/\/www.tempco.it\/blog\/scelta-scambiatore\/\",\"name\":\"Scelta scambiatore - Tempco Blog\",\"isPartOf\":{\"@id\":\"https:\/\/www.tempco.it\/blog\/#website\"},\"datePublished\":\"2012-10-25T10:32:14+00:00\",\"dateModified\":\"2019-01-15T17:16:23+00:00\",\"breadcrumb\":{\"@id\":\"https:\/\/www.tempco.it\/blog\/scelta-scambiatore\/#breadcrumb\"},\"inLanguage\":\"it-IT\",\"potentialAction\":[{\"@type\":\"ReadAction\",\"target\":[\"https:\/\/www.tempco.it\/blog\/scelta-scambiatore\/\"]}]},{\"@type\":\"BreadcrumbList\",\"@id\":\"https:\/\/www.tempco.it\/blog\/scelta-scambiatore\/#breadcrumb\",\"itemListElement\":[{\"@type\":\"ListItem\",\"position\":1,\"name\":\"Home\",\"item\":\"https:\/\/www.tempco.it\/blog\/\"},{\"@type\":\"ListItem\",\"position\":2,\"name\":\"Scelta scambiatore\"}]},{\"@type\":\"WebSite\",\"@id\":\"https:\/\/www.tempco.it\/blog\/#website\",\"url\":\"https:\/\/www.tempco.it\/blog\/\",\"name\":\"Tempco Blog\",\"description\":\"Soluzioni per l&#039;energia termica\",\"publisher\":{\"@id\":\"https:\/\/www.tempco.it\/blog\/#organization\"},\"potentialAction\":[{\"@type\":\"SearchAction\",\"target\":{\"@type\":\"EntryPoint\",\"urlTemplate\":\"https:\/\/www.tempco.it\/blog\/?s={search_term_string}\"},\"query-input\":\"required name=search_term_string\"}],\"inLanguage\":\"it-IT\"},{\"@type\":\"Organization\",\"@id\":\"https:\/\/www.tempco.it\/blog\/#organization\",\"name\":\"Tempco Srl\",\"url\":\"https:\/\/www.tempco.it\/blog\/\",\"logo\":{\"@type\":\"ImageObject\",\"inLanguage\":\"it-IT\",\"@id\":\"https:\/\/www.tempco.it\/blog\/#\/schema\/logo\/image\/\",\"url\":\"https:\/\/www.tempco.it\/blog\/wp-content\/uploads\/2022\/12\/logo_big.jpg\",\"contentUrl\":\"https:\/\/www.tempco.it\/blog\/wp-content\/uploads\/2022\/12\/logo_big.jpg\",\"width\":317,\"height\":317,\"caption\":\"Tempco Srl\"},\"image\":{\"@id\":\"https:\/\/www.tempco.it\/blog\/#\/schema\/logo\/image\/\"},\"sameAs\":[\"https:\/\/www.facebook.com\/tempco.srl\",\"https:\/\/twitter.com\/Tempco_it\",\"https:\/\/www.youtube.com\/c\/TempcoItalia\",\"https:\/\/www.linkedin.com\/company\/tempcoitaly\/about\/\",\"https:\/\/www.instagram.com\/tempco_solidtemperature\/\"]}]}<\/script>\n<!-- \/ Yoast SEO plugin. -->","yoast_head_json":{"title":"Scelta scambiatore - Tempco Blog","robots":{"index":"index","follow":"follow","max-snippet":"max-snippet:-1","max-image-preview":"max-image-preview:large","max-video-preview":"max-video-preview:-1"},"canonical":"https:\/\/www.tempco.it\/blog\/scelta-scambiatore\/","og_locale":"it_IT","og_type":"article","og_title":"Scelta scambiatore - Tempco Blog","og_description":"Gli scambiatori di calore saldobrasati sono una tipologia di macchina termica versatile, ad alta efficienza di trasferimento termico e adatta [&hellip;]","og_url":"https:\/\/www.tempco.it\/blog\/scelta-scambiatore\/","og_site_name":"Tempco Blog","article_publisher":"https:\/\/www.facebook.com\/tempco.srl","article_modified_time":"2019-01-15T17:16:23+00:00","og_image":[{"url":"https:\/\/www.tempco.it\/blog\/wp-content\/uploads\/2012\/10\/catalogo-scambiatori-saldobrasati.png"}],"twitter_card":"summary_large_image","twitter_site":"@Tempco_it","twitter_misc":{"Tempo di lettura stimato":"1 minuto"},"schema":{"@context":"https:\/\/schema.org","@graph":[{"@type":"WebPage","@id":"https:\/\/www.tempco.it\/blog\/scelta-scambiatore\/","url":"https:\/\/www.tempco.it\/blog\/scelta-scambiatore\/","name":"Scelta scambiatore - Tempco Blog","isPartOf":{"@id":"https:\/\/www.tempco.it\/blog\/#website"},"datePublished":"2012-10-25T10:32:14+00:00","dateModified":"2019-01-15T17:16:23+00:00","breadcrumb":{"@id":"https:\/\/www.tempco.it\/blog\/scelta-scambiatore\/#breadcrumb"},"inLanguage":"it-IT","potentialAction":[{"@type":"ReadAction","target":["https:\/\/www.tempco.it\/blog\/scelta-scambiatore\/"]}]},{"@type":"BreadcrumbList","@id":"https:\/\/www.tempco.it\/blog\/scelta-scambiatore\/#breadcrumb","itemListElement":[{"@type":"ListItem","position":1,"name":"Home","item":"https:\/\/www.tempco.it\/blog\/"},{"@type":"ListItem","position":2,"name":"Scelta scambiatore"}]},{"@type":"WebSite","@id":"https:\/\/www.tempco.it\/blog\/#website","url":"https:\/\/www.tempco.it\/blog\/","name":"Tempco Blog","description":"Soluzioni per l&#039;energia termica","publisher":{"@id":"https:\/\/www.tempco.it\/blog\/#organization"},"potentialAction":[{"@type":"SearchAction","target":{"@type":"EntryPoint","urlTemplate":"https:\/\/www.tempco.it\/blog\/?s={search_term_string}"},"query-input":"required name=search_term_string"}],"inLanguage":"it-IT"},{"@type":"Organization","@id":"https:\/\/www.tempco.it\/blog\/#organization","name":"Tempco Srl","url":"https:\/\/www.tempco.it\/blog\/","logo":{"@type":"ImageObject","inLanguage":"it-IT","@id":"https:\/\/www.tempco.it\/blog\/#\/schema\/logo\/image\/","url":"https:\/\/www.tempco.it\/blog\/wp-content\/uploads\/2022\/12\/logo_big.jpg","contentUrl":"https:\/\/www.tempco.it\/blog\/wp-content\/uploads\/2022\/12\/logo_big.jpg","width":317,"height":317,"caption":"Tempco Srl"},"image":{"@id":"https:\/\/www.tempco.it\/blog\/#\/schema\/logo\/image\/"},"sameAs":["https:\/\/www.facebook.com\/tempco.srl","https:\/\/twitter.com\/Tempco_it","https:\/\/www.youtube.com\/c\/TempcoItalia","https:\/\/www.linkedin.com\/company\/tempcoitaly\/about\/","https:\/\/www.instagram.com\/tempco_solidtemperature\/"]}]}},"_links":{"self":[{"href":"https:\/\/www.tempco.it\/blog\/wp-json\/wp\/v2\/pages\/3837"}],"collection":[{"href":"https:\/\/www.tempco.it\/blog\/wp-json\/wp\/v2\/pages"}],"about":[{"href":"https:\/\/www.tempco.it\/blog\/wp-json\/wp\/v2\/types\/page"}],"author":[{"embeddable":true,"href":"https:\/\/www.tempco.it\/blog\/wp-json\/wp\/v2\/users\/10"}],"replies":[{"embeddable":true,"href":"https:\/\/www.tempco.it\/blog\/wp-json\/wp\/v2\/comments?post=3837"}],"version-history":[{"count":10,"href":"https:\/\/www.tempco.it\/blog\/wp-json\/wp\/v2\/pages\/3837\/revisions"}],"predecessor-version":[{"id":6666,"href":"https:\/\/www.tempco.it\/blog\/wp-json\/wp\/v2\/pages\/3837\/revisions\/6666"}],"wp:attachment":[{"href":"https:\/\/www.tempco.it\/blog\/wp-json\/wp\/v2\/media?parent=3837"}],"curies":[{"name":"wp","href":"https:\/\/api.w.org\/{rel}","templated":true}]}}