{"id":10619,"date":"2025-06-24T15:15:16","date_gmt":"2025-06-24T13:15:16","guid":{"rendered":"https:\/\/www.tempco.it\/blog\/?page_id=10619"},"modified":"2025-07-14T14:35:00","modified_gmt":"2025-07-14T12:35:00","slug":"dichiarazione-di-accessibilita","status":"publish","type":"page","link":"https:\/\/www.tempco.it\/blog\/dichiarazione-di-accessibilita\/","title":{"rendered":"Dichiarazione di accessibilit\u00e0"},"content":{"rendered":"<style>\n.text-acc{ font-size: 16px;}\na {color: #3eb35b;}\nh2 { font-size: 2em !important; }\nh3 { font-size: 1.6em !important; margin-top: 20px; }\n<\/style>\n<div class=\"text-acc\">\n<p style=\"font-size: 20px; margin-bottom: 30px;\"><strong>Redatta il 10\/07\/2025<\/strong><\/p>\n<p><strong>Tempco srl<\/strong> si impegna a rendere il proprio sito web accessibile, conformemente alla legge 9 gennaio 2004, n. 4. La presente dichiarazione di accessibilit\u00e0 si applica a <a href=\"https:\/\/tempco.it\/blog\" target=\"_blank\" rel=\"noopener\">https:\/\/www.tempco.it\/blog<\/a>.<\/p>\n<h2>Stato di conformit\u00e0<\/h2>\n<h3><strong>Parzialmente conforme<\/strong><\/h3>\n<p>Questo\u202c\u202d sito web\u202c\u202d \u00e8 parzialmente conforme ai requisiti previsti\u202c\u202d dall\u2019appendice A della norma <a href=\"https:\/\/www.uni.com\/images\/stories\/uni\/allegati_norme\/UNIEN301549\/UNIEN301549_accessibile.pdf\">UNI CEI EN 301549<\/a>.<br \/>\nIl caso di non conformit\u00e0 e la deroga \u00e8 elencata di seguito.<\/p>\n<h3><strong>Contenuti non accessibili<\/strong><\/h3>\n<p>I contenuti di seguito elencati non sono accessibili per il seguente motivo:<\/p>\n<p><strong>Inosservanza della legge 9 gennaio 2004, n. 4.<\/strong><\/p>\n<ul>\n<li>1.2.1 &#8211; Solo audio e solo video<br \/>\nAlcuni contenuti multimediali preregistrati composti solo da audio o solo da video senza traccia audio senza fornire un\u2019alternativa testuale equivalente.<\/li>\n<li>1.2.2 &#8211; Sottotitoli (preregistrati)<br \/>\nAlcuni video preregistrati non sono forniti di sottotitoli sincronizzati.<\/li>\n<li>1.2.3 &#8211; Descrizione audio o alternativa multimediale (preregistrata)<br \/>\nAlcuni contenuti video preregistrati che mostrano informazioni visive importanti non sono forniti ne di traccia audio separata ne di altre alternative multimediali.\u202c<\/li>\n<li>2.1.1 &#8211; Tastiera<br \/>\nAlcune funzionalit\u00e0 del sito non sono ancora completamente accessibili tramite navigazione da tastiera. In particolare, alcuni elementi interattivi non risultano raggiungibili o attivabili senza l&#8217;uso del mouse.<\/li>\n<li>I PDF non sono accessibili per la struttura e il contrasto dei testi<\/li>\n<\/ul>\n<p>Si informa che sono in corso attivit\u00e0 di revisione e aggiornamento del presente sito web al fine di assicurare la conformit\u00e0 ai criteri di accessibilit\u00e0 definiti dalla norma.<br \/>\nL&#8217;implementazione delle modifiche necessarie sar\u00e0 completata entro il 31 dicembre 2025.<\/p>\n<h3><strong>Redazione della dichiarazione di accessibilit\u00e0<\/strong><\/h3>\n<p>La presente dichiarazione \u00e8 stata redatta il <strong>24 giugno 2025<\/strong>, attraverso un&#8217;autovalutazione tenendo conto dei risultati dei validatori WAVE (<a href=\"https:\/\/wave.webaim.org\/\" target=\"_blank\" rel=\"noopener\">https:\/\/wave.webaim.org\/<\/a>).<\/p>\n<h3><strong>Modalit\u00e0 di invio delle segnalazioni e recapiti del soggetto erogatore<\/strong><\/h3>\n<p>Per notificare al soggetto erogatore i casi di mancata conformit\u00e0 e per richiedere informazioni e contenuti che sono esclusi dall&#8217;ambito di applicazione della direttiva si pu\u00f2 utilizzare l\u2019e-mail: <a href=\"mailto:feedback-EAA@tempco.it\">feedback-EAA@tempco.it<\/a>.<br \/>\nRecapito del responsabile delle segnalazioni inoltrate dagli utenti: <a href=\"mailto:feedback-EAA@tempco.it\">feedback-EAA@tempco.it<\/a><\/p>\n<h3><strong>Modalit\u00e0 di invio delle segnalazioni all\u2019AgID<\/strong><\/h3>\n<p>In caso di risposta insoddisfacente o di mancata risposta, nel termine di trenta giorni, alla notifica o alla richiesta, l\u2019interessato pu\u00f2 inoltrare una segnalazione utilizzando il seguente link:<br \/>\n<a href=\"https:\/\/www.agid.gov.it\/it\/agenzia\/difensore-civico-il-digitale\/segnalazioni-cad\">https:\/\/www.agid.gov.it\/it\/agenzia\/difensore-civico-il-digitale\/segnalazioni-cad<\/a><\/p>\n<h3><strong>Informazioni sul sito<\/strong><\/h3>\n<ol type=\"1\">\n<li>La data di pubblicazione del sito web: Luglio 2015<\/li>\n<li>Sono stati effettuati i test di usabilit\u00e0: S\u00ec<\/li>\n<li>CMS utilizzato per il sito web: WordPress<\/li>\n<li>Il sito web \u00e8 predisposto per i sistemi operativi Windows, MacOS, Linux, iOS, Android.<\/li>\n<\/ol>\n<h3><strong>Informazioni sulla struttura<\/strong><\/h3>\n<ol type=\"1\">\n<li>Il numero di dipendenti con disabilit\u00e0 presenti in azienda: 0<\/li>\n<li>Il numero di postazioni di lavoro per dipendenti con disabilit\u00e0: 0<\/li>\n<\/ol>\n<\/div>\n","protected":false},"excerpt":{"rendered":"<p>Redatta il 10\/07\/2025 Tempco srl si impegna a rendere il proprio sito web accessibile, conformemente alla legge 9 gennaio 2004, [&hellip;]<\/p>\n","protected":false},"author":10,"featured_media":0,"parent":0,"menu_order":0,"comment_status":"closed","ping_status":"closed","template":"","meta":[],"yoast_head":"<!-- This site is optimized with the Yoast SEO plugin v20.5 - https:\/\/yoast.com\/wordpress\/plugins\/seo\/ -->\n<title>Dichiarazione di accessibilit\u00e0 - Tempco Blog<\/title>\n<meta name=\"robots\" content=\"index, follow, max-snippet:-1, max-image-preview:large, max-video-preview:-1\" \/>\n<link rel=\"canonical\" href=\"https:\/\/www.tempco.it\/blog\/dichiarazione-di-accessibilita\/\" \/>\n<meta property=\"og:locale\" content=\"it_IT\" \/>\n<meta property=\"og:type\" content=\"article\" \/>\n<meta property=\"og:title\" content=\"Dichiarazione di accessibilit\u00e0 - Tempco Blog\" \/>\n<meta property=\"og:description\" content=\"Redatta il 10\/07\/2025 Tempco srl si impegna a rendere il proprio sito web accessibile, conformemente alla legge 9 gennaio 2004, [&hellip;]\" \/>\n<meta property=\"og:url\" content=\"https:\/\/www.tempco.it\/blog\/dichiarazione-di-accessibilita\/\" \/>\n<meta property=\"og:site_name\" content=\"Tempco Blog\" \/>\n<meta property=\"article:publisher\" content=\"https:\/\/www.facebook.com\/tempco.srl\" \/>\n<meta property=\"article:modified_time\" content=\"2025-07-14T12:35:00+00:00\" \/>\n<meta property=\"og:image\" content=\"https:\/\/www.tempco.it\/blog\/wp-content\/uploads\/2022\/12\/logo_big.jpg\" \/>\n\t<meta property=\"og:image:width\" content=\"317\" \/>\n\t<meta property=\"og:image:height\" content=\"317\" \/>\n\t<meta property=\"og:image:type\" content=\"image\/jpeg\" \/>\n<meta name=\"twitter:card\" content=\"summary_large_image\" \/>\n<meta name=\"twitter:site\" content=\"@Tempco_it\" \/>\n<meta name=\"twitter:label1\" content=\"Tempo di lettura stimato\" \/>\n\t<meta name=\"twitter:data1\" content=\"3 minuti\" \/>\n<script type=\"application\/ld+json\" class=\"yoast-schema-graph\">{\"@context\":\"https:\/\/schema.org\",\"@graph\":[{\"@type\":\"WebPage\",\"@id\":\"https:\/\/www.tempco.it\/blog\/dichiarazione-di-accessibilita\/\",\"url\":\"https:\/\/www.tempco.it\/blog\/dichiarazione-di-accessibilita\/\",\"name\":\"Dichiarazione di accessibilit\u00e0 - Tempco Blog\",\"isPartOf\":{\"@id\":\"https:\/\/www.tempco.it\/blog\/#website\"},\"datePublished\":\"2025-06-24T13:15:16+00:00\",\"dateModified\":\"2025-07-14T12:35:00+00:00\",\"breadcrumb\":{\"@id\":\"https:\/\/www.tempco.it\/blog\/dichiarazione-di-accessibilita\/#breadcrumb\"},\"inLanguage\":\"it-IT\",\"potentialAction\":[{\"@type\":\"ReadAction\",\"target\":[\"https:\/\/www.tempco.it\/blog\/dichiarazione-di-accessibilita\/\"]}]},{\"@type\":\"BreadcrumbList\",\"@id\":\"https:\/\/www.tempco.it\/blog\/dichiarazione-di-accessibilita\/#breadcrumb\",\"itemListElement\":[{\"@type\":\"ListItem\",\"position\":1,\"name\":\"Home\",\"item\":\"https:\/\/www.tempco.it\/blog\/\"},{\"@type\":\"ListItem\",\"position\":2,\"name\":\"Dichiarazione di accessibilit\u00e0\"}]},{\"@type\":\"WebSite\",\"@id\":\"https:\/\/www.tempco.it\/blog\/#website\",\"url\":\"https:\/\/www.tempco.it\/blog\/\",\"name\":\"Tempco Blog\",\"description\":\"Soluzioni per l&#039;energia termica\",\"publisher\":{\"@id\":\"https:\/\/www.tempco.it\/blog\/#organization\"},\"potentialAction\":[{\"@type\":\"SearchAction\",\"target\":{\"@type\":\"EntryPoint\",\"urlTemplate\":\"https:\/\/www.tempco.it\/blog\/?s={search_term_string}\"},\"query-input\":\"required name=search_term_string\"}],\"inLanguage\":\"it-IT\"},{\"@type\":\"Organization\",\"@id\":\"https:\/\/www.tempco.it\/blog\/#organization\",\"name\":\"Tempco Srl\",\"url\":\"https:\/\/www.tempco.it\/blog\/\",\"logo\":{\"@type\":\"ImageObject\",\"inLanguage\":\"it-IT\",\"@id\":\"https:\/\/www.tempco.it\/blog\/#\/schema\/logo\/image\/\",\"url\":\"https:\/\/www.tempco.it\/blog\/wp-content\/uploads\/2022\/12\/logo_big.jpg\",\"contentUrl\":\"https:\/\/www.tempco.it\/blog\/wp-content\/uploads\/2022\/12\/logo_big.jpg\",\"width\":317,\"height\":317,\"caption\":\"Tempco Srl\"},\"image\":{\"@id\":\"https:\/\/www.tempco.it\/blog\/#\/schema\/logo\/image\/\"},\"sameAs\":[\"https:\/\/www.facebook.com\/tempco.srl\",\"https:\/\/twitter.com\/Tempco_it\",\"https:\/\/www.youtube.com\/c\/TempcoItalia\",\"https:\/\/www.linkedin.com\/company\/tempcoitaly\/about\/\",\"https:\/\/www.instagram.com\/tempco_solidtemperature\/\"]}]}<\/script>\n<!-- \/ Yoast SEO plugin. -->","yoast_head_json":{"title":"Dichiarazione di accessibilit\u00e0 - Tempco Blog","robots":{"index":"index","follow":"follow","max-snippet":"max-snippet:-1","max-image-preview":"max-image-preview:large","max-video-preview":"max-video-preview:-1"},"canonical":"https:\/\/www.tempco.it\/blog\/dichiarazione-di-accessibilita\/","og_locale":"it_IT","og_type":"article","og_title":"Dichiarazione di accessibilit\u00e0 - Tempco Blog","og_description":"Redatta il 10\/07\/2025 Tempco srl si impegna a rendere il proprio sito web accessibile, conformemente alla legge 9 gennaio 2004, [&hellip;]","og_url":"https:\/\/www.tempco.it\/blog\/dichiarazione-di-accessibilita\/","og_site_name":"Tempco Blog","article_publisher":"https:\/\/www.facebook.com\/tempco.srl","article_modified_time":"2025-07-14T12:35:00+00:00","og_image":[{"width":317,"height":317,"url":"https:\/\/www.tempco.it\/blog\/wp-content\/uploads\/2022\/12\/logo_big.jpg","type":"image\/jpeg"}],"twitter_card":"summary_large_image","twitter_site":"@Tempco_it","twitter_misc":{"Tempo di lettura stimato":"3 minuti"},"schema":{"@context":"https:\/\/schema.org","@graph":[{"@type":"WebPage","@id":"https:\/\/www.tempco.it\/blog\/dichiarazione-di-accessibilita\/","url":"https:\/\/www.tempco.it\/blog\/dichiarazione-di-accessibilita\/","name":"Dichiarazione di accessibilit\u00e0 - Tempco Blog","isPartOf":{"@id":"https:\/\/www.tempco.it\/blog\/#website"},"datePublished":"2025-06-24T13:15:16+00:00","dateModified":"2025-07-14T12:35:00+00:00","breadcrumb":{"@id":"https:\/\/www.tempco.it\/blog\/dichiarazione-di-accessibilita\/#breadcrumb"},"inLanguage":"it-IT","potentialAction":[{"@type":"ReadAction","target":["https:\/\/www.tempco.it\/blog\/dichiarazione-di-accessibilita\/"]}]},{"@type":"BreadcrumbList","@id":"https:\/\/www.tempco.it\/blog\/dichiarazione-di-accessibilita\/#breadcrumb","itemListElement":[{"@type":"ListItem","position":1,"name":"Home","item":"https:\/\/www.tempco.it\/blog\/"},{"@type":"ListItem","position":2,"name":"Dichiarazione di accessibilit\u00e0"}]},{"@type":"WebSite","@id":"https:\/\/www.tempco.it\/blog\/#website","url":"https:\/\/www.tempco.it\/blog\/","name":"Tempco Blog","description":"Soluzioni per l&#039;energia termica","publisher":{"@id":"https:\/\/www.tempco.it\/blog\/#organization"},"potentialAction":[{"@type":"SearchAction","target":{"@type":"EntryPoint","urlTemplate":"https:\/\/www.tempco.it\/blog\/?s={search_term_string}"},"query-input":"required name=search_term_string"}],"inLanguage":"it-IT"},{"@type":"Organization","@id":"https:\/\/www.tempco.it\/blog\/#organization","name":"Tempco Srl","url":"https:\/\/www.tempco.it\/blog\/","logo":{"@type":"ImageObject","inLanguage":"it-IT","@id":"https:\/\/www.tempco.it\/blog\/#\/schema\/logo\/image\/","url":"https:\/\/www.tempco.it\/blog\/wp-content\/uploads\/2022\/12\/logo_big.jpg","contentUrl":"https:\/\/www.tempco.it\/blog\/wp-content\/uploads\/2022\/12\/logo_big.jpg","width":317,"height":317,"caption":"Tempco Srl"},"image":{"@id":"https:\/\/www.tempco.it\/blog\/#\/schema\/logo\/image\/"},"sameAs":["https:\/\/www.facebook.com\/tempco.srl","https:\/\/twitter.com\/Tempco_it","https:\/\/www.youtube.com\/c\/TempcoItalia","https:\/\/www.linkedin.com\/company\/tempcoitaly\/about\/","https:\/\/www.instagram.com\/tempco_solidtemperature\/"]}]}},"_links":{"self":[{"href":"https:\/\/www.tempco.it\/blog\/wp-json\/wp\/v2\/pages\/10619"}],"collection":[{"href":"https:\/\/www.tempco.it\/blog\/wp-json\/wp\/v2\/pages"}],"about":[{"href":"https:\/\/www.tempco.it\/blog\/wp-json\/wp\/v2\/types\/page"}],"author":[{"embeddable":true,"href":"https:\/\/www.tempco.it\/blog\/wp-json\/wp\/v2\/users\/10"}],"replies":[{"embeddable":true,"href":"https:\/\/www.tempco.it\/blog\/wp-json\/wp\/v2\/comments?post=10619"}],"version-history":[{"count":9,"href":"https:\/\/www.tempco.it\/blog\/wp-json\/wp\/v2\/pages\/10619\/revisions"}],"predecessor-version":[{"id":10677,"href":"https:\/\/www.tempco.it\/blog\/wp-json\/wp\/v2\/pages\/10619\/revisions\/10677"}],"wp:attachment":[{"href":"https:\/\/www.tempco.it\/blog\/wp-json\/wp\/v2\/media?parent=10619"}],"curies":[{"name":"wp","href":"https:\/\/api.w.org\/{rel}","templated":true}]}}