{"id":10024,"date":"2024-05-15T19:42:31","date_gmt":"2024-05-15T17:42:31","guid":{"rendered":"https:\/\/www.tempco.it\/blog\/?page_id=10024"},"modified":"2025-07-10T14:35:48","modified_gmt":"2025-07-10T12:35:48","slug":"settori","status":"publish","type":"page","link":"https:\/\/www.tempco.it\/blog\/settori\/","title":{"rendered":"Settori"},"content":{"rendered":"<div class=\"gradient\">\n<h1>Settori<\/h1>\n<div class=\"alphabet-nav\">\n            <a href=\"#A\" class=\"a ancora\">A<\/a><a href=\"#C\" class=\"c ancora\">C<\/a><a href=\"#D\" class=\"d ancora\">D<\/a><a href=\"#F\" class=\"f ancora\">F<\/a><a href=\"#M\" class=\"m ancora\">M<\/a><a href=\"#N\" class=\"n ancora\">N<\/a><a href=\"#P\" class=\"p ancora\">P<\/a><a href=\"#R\" class=\"r ancora\">R<\/a><a href=\"#T\" class=\"t ancora\">T<\/a>\n        <\/div>\n<\/p><\/div>\n<div class=\"gloss-container\">\n<div class=\"letter\">\n<h2><a name=\"A\" class=\"ancor-a\">#A<\/a><\/h2>\n<\/p><\/div>\n<div class=\"post-glossary\">\n<h3>ALIMENTARE<\/h3>\n<p>La <strong>produzione di cibi e bevande richiede<\/strong> numerose fasi di regolazione della temperatura nelle lavorazioni e preparazioni dei prodotti, per cui si fa ampio ricorso a <strong>scambiatori di calore<\/strong> certificati per il <strong>contatto con alimenti<\/strong> e dal design igienico.<br \/>\nLa corretta regolazione e mantenimento di precisi livelli di temperatura \u00e8 qui una condizione essenziale per la qualit\u00e0 dei prodotti, nonch\u00e9 per la garanzia della loro <strong>conservazione<\/strong> a lungo termine e della <strong>sicurezza alimentare<\/strong>.\n<\/p>\n<\/p><\/div>\n<div class=\"post-glossary\">\n<h3>Automotive<\/h3>\n<p>Il settore automotive presenta una variet\u00e0 di compiti di <strong>termoregolazione e controllo della temperatura<\/strong>, con diverse applicazioni che Tempco ha sviluppato negli anni con scambiatori di calore e centraline di termoregolazione.<br \/>\nGli scambiatori di calore trovano qui largo impiego ad esempio nelle fasi di trattamento superficiale prima della <strong>verniciatura<\/strong>, mentre le centraline di termoregolazione sono fondamentali nei <strong>banchi prova<\/strong> per il test di componenti automotive e motori, come nelle nuove <strong>applicazioni per e-mobility<\/strong>.\n<\/p>\n<\/p><\/div>\n<div class=\"back-to-top\"><a href=\"#top\" class=\"ancora-top\">Torna all&#8217;indice<\/a><\/div>\n<div class=\"letter\">\n<h2><a name=\"C\" class=\"ancor-c\">#C<\/a><\/h2>\n<\/p><\/div>\n<div class=\"post-glossary\">\n<h3>CARTA<\/h3>\n<p>L\u2019industria della carta richiede diverse fasi di <strong>riscaldamento<\/strong> e <strong>raffreddamento<\/strong> nel processo produttivo, con diverse soluzioni di termoregolazione con <strong>scambiatori<\/strong>, <strong>torri evaporative<\/strong> e impianti di cogenerazione per <strong>recupero energetico<\/strong> delle grandi quantit\u00e0 di calore generate dal processo.<br \/>\nLe cartiere presentano in particolare <strong>acqua di processo molto sporca<\/strong>, caratterizzata da presenza di flocculi, sfridi e polveri derivanti dai processi di taglio e lavorazione della carta, che richiedono <strong>scambiatori a passo largo<\/strong> e <strong>pacchi di riempimento anti intasamento<\/strong> nelle torri.\n<\/p>\n<\/p><\/div>\n<div class=\"post-glossary\">\n<h3>CHIMICO<\/h3>\n<p>Nel comparto chimico la <strong>termoregolazione<\/strong> e il <strong>controllo della temperatura<\/strong> sono aspetti fondamentali dei processi produttivi, essenziali per garantire il corretto svolgersi delle <strong>reazioni chimiche<\/strong> necessarie a ottenere i prodotti finali.<br \/>\nLe condizioni di pressione e temperatura spesso impegnative di lavoro e la natura dei processi e delle sostanze impiegate richiedono sistemi di termo-regolazione dotati di <strong>certificazioni Atex<\/strong> per ambienti in atmosfera esplosiva, onde garantire la necessaria sicurezza di processo.\n<\/p>\n<\/p><\/div>\n<div class=\"back-to-top\"><a href=\"#top\" class=\"ancora-top\">Torna all&#8217;indice<\/a><\/div>\n<div class=\"letter\">\n<h2><a name=\"D\" class=\"ancor-d\">#D<\/a><\/h2>\n<\/p><\/div>\n<div class=\"post-glossary\">\n<h3>DAIRY<\/h3>\n<p>L\u2019industria casearia richiede un <strong>controllo delle temperature attento e preciso<\/strong>, fondamentale per rispettare la <strong>delicatezza delle materie prime utilizzate<\/strong>. Una adeguata regolazione dei livelli di temperatura garantisce qui il corretto svolgersi dei processi di trasformazione, assicurando la <strong>qualit\u00e0 del prodotto finito<\/strong> e la conservazione di cibi e alimenti.<\/p>\n<\/p><\/div>\n<div class=\"back-to-top\"><a href=\"#top\" class=\"ancora-top\">Torna all&#8217;indice<\/a><\/div>\n<div class=\"letter\">\n<h2><a name=\"F\" class=\"ancor-f\">#F<\/a><\/h2>\n<\/p><\/div>\n<div class=\"post-glossary\">\n<h3>Farmaceutico<\/h3>\n<p>L\u2019industria farmaceutica fa largo uso di sistemi di termoregolazione e regolazione della temperatura, essenziali per portare e mantenere i vari ingredienti alle temperature necessarie ad avviare le reazioni per la <strong>produzione di farmaci e principi attivi<\/strong>.<br \/>\nSpesso qui le centraline di termoregolazione lavorano in ambiente esplosivo, richiedendo la <strong>certificazione ATEX<\/strong> delle apparecchiature.<\/p>\n<\/p><\/div>\n<div class=\"back-to-top\"><a href=\"#top\" class=\"ancora-top\">Torna all&#8217;indice<\/a><\/div>\n<div class=\"letter\">\n<h2><a name=\"M\" class=\"ancor-m\">#M<\/a><\/h2>\n<\/p><\/div>\n<div class=\"post-glossary\">\n<h3>Macchine utensili<\/h3>\n<p>Le lavorazioni ad alta precisione del comparto macchine utensili richiedono sistemi per il <strong>controllo della temperatura<\/strong> altamente affidabili e performanti, dedicati alla dissipazione del calore generato dagli <strong>azionamenti<\/strong> e dagli <strong>utensili da taglio<\/strong> nei mandrini.<br \/>\nScambiatori di calore e chiller assicurano la <strong>termoregolazione dell\u2019olio<\/strong> nelle <strong>centraline idrauliche<\/strong> e del lubrorefrigerante nelle applicazioni di taglio dei metalli, garantendo le ottimali condizioni operative dei centri di lavoro.<\/p>\n<\/p><\/div>\n<div class=\"post-glossary\">\n<h3>Metallurgia<\/h3>\n<p>I processi di produzione del settore metallurgico comportano la necessit\u00e0 di <strong>gestire quantit\u00e0 ingenti di calore<\/strong>, dovendo quindi dissipare l\u2019energia termica generata dai processi di <strong>lavorazione dei metalli<\/strong>.<br \/>\nLe applicazioni sviluppate da Tempco per l\u2019industria dei metalli includono una variet\u00e0 di soluzioni, dal <strong>raffreddamento dei forni<\/strong> di lavorazione al trattamento dei componenti alla <strong>raffinazione dei metalli preziosi<\/strong>, spesso con sistemi ridondati per garantire massima sicurezza di processo.\n<\/p>\n<\/p><\/div>\n<div class=\"back-to-top\"><a href=\"#top\" class=\"ancora-top\">Torna all&#8217;indice<\/a><\/div>\n<div class=\"letter\">\n<h2><a name=\"N\" class=\"ancor-n\">#N<\/a><\/h2>\n<\/p><\/div>\n<div class=\"post-glossary\">\n<h3>NAVALE<\/h3>\n<p>L\u2019industria navale presenta una <strong>quantit\u00e0 di applicazioni di raffreddamento<\/strong> per quanto concerne non solo motori e servizi ausiliari a bordo delle navi, ma anche per tutta l\u2019elettronica, impiegando <strong>scambiatori di calore<\/strong> e <strong>sistemi compatti<\/strong> per adattarsi agli spazi ridotti disponibili. Il raffreddamento dell\u2019elettronica di potenza \u00e8 quindi un\u2019esigenza in forte crescita nei sistemi ibridi delle nuove <strong>imbarcazioni a zero emissioni<\/strong>.<\/p>\n<\/p><\/div>\n<div class=\"back-to-top\"><a href=\"#top\" class=\"ancora-top\">Torna all&#8217;indice<\/a><\/div>\n<div class=\"letter\">\n<h2><a name=\"P\" class=\"ancor-p\">#P<\/a><\/h2>\n<\/p><\/div>\n<div class=\"post-glossary\">\n<h3>PETROLCHIMICO<\/h3>\n<p>L\u2019industria petrolchimica necessita di delicati processi di raffreddamento e termoregolazione, con accurata <strong>scelta dei materiali<\/strong>, come inox e titanio, e dei trattamenti, per garantire la <strong>resistenza alla corrosione<\/strong> da sostanze acide presenti nei fluidi di lavoro.<br \/>\nAltro requisito di <strong>scambiatori<\/strong>, <strong>chiller e unit\u00e0 di termoregolazione<\/strong> che Tempco fornisce per applicazioni in oil &#038; gas \u00e8 la <strong>certificazione Atex<\/strong> delle soluzioni, essenziale per garantire la necessaria sicurezza in ambiente a rischio esplosivo.<\/p>\n<\/p><\/div>\n<div class=\"post-glossary\">\n<h3>PLASTICA<\/h3>\n<p>Disporre di corretti livelli di temperatura \u00e8 una condizione fondamentale nell\u2019industria della <strong>lavorazione della plastica e della gomma<\/strong>, dove Tem-pco fornisce una variet\u00e0 di soluzioni per il <strong>raffreddamento<\/strong> e <strong>riscaldamento<\/strong> dei macchinari e di processo.<br \/>\n<strong>Scambiatori<\/strong>, <strong>torri evaporative<\/strong> con sistemi di <strong>free cooling<\/strong> e potenziamento adiabatico e centraline di termoregolazione servono qui linee di <strong>estrusione<\/strong>, <strong>trafilatura<\/strong>, <strong>forni e stampi<\/strong> e altre applicazioni nell\u2019industria delle materie plastiche, garantendo massima efficienza e <strong>risparmio energetico<\/strong>.<\/p>\n<\/p><\/div>\n<div class=\"post-glossary\">\n<h3>POWER GENERATION<\/h3>\n<p>Il settore del power generation richiede importanti applicazioni di controllo della temperatura, necessarie a garantire la dissipazione di emergenza e il raffreddamento dei motori endotermici, delle camicie e degli aftercooler negli impianti di generazione.<br \/>\nTempco ha una lunga esperienza nella realizzazione di soluzioni per il raffreddamento e la dissipazione d\u2019emergenza in impianti di power generation, spesso studiati ad hoc per adattarsi agli spazi di installazione ristretti disponibili.<\/p>\n<\/p><\/div>\n<div class=\"back-to-top\"><a href=\"#top\" class=\"ancora-top\">Torna all&#8217;indice<\/a><\/div>\n<div class=\"letter\">\n<h2><a name=\"R\" class=\"ancor-r\">#R<\/a><\/h2>\n<\/p><\/div>\n<div class=\"post-glossary\">\n<h3>RICERCA &#038; INGEGNERIA<\/h3>\n<p>Tempco ha al proprio attivo numerose collaborazioni in ambito di ricerca ed engineering di soluzioni innovative, sviluppando <strong>unit\u00e0 di termoregolazione<\/strong> speciali studiate per le particolari esigenze dei <strong>laboratori di ricerca e sviluppo<\/strong>.<br \/>\nMolte sono infatti le esigenze di controllo della temperatura e di termoregolazione accurata del processo nelle applicazioni afferenti la ricerca, ad esempio nel farmaceutico e nelle molte applicazioni sviluppate per <strong>banchi prova<\/strong> di componenti innovativi.<\/p>\n<\/p><\/div>\n<div class=\"post-glossary\">\n<h3>RINNOVABILI<\/h3>\n<p>L\u2019industria delle <strong>energie rinnovabili<\/strong> \u00e8 un settore emergente e in forte sviluppo, dove Tempco vanta gi\u00e0 numerose referenze applicative con soluzioni che impiegano diverse tipologie di <strong>scambiatori di calore<\/strong>.<br \/>\nGli scambiatori TCOIL a immersione trovano impiego nelle pompe di calo-re che sfruttano <strong>fonti geotermiche<\/strong> rinnovabili, mentre speciali scambiatori saldobrasati per alte pressioni e temperature sono studiati per le nuove applicazioni per <strong>refrigerazione a CO<sup>2<\/sup><\/strong> e con <strong>idrogeno<\/strong> nelle celle a combustibile.<\/p>\n<\/p><\/div>\n<div class=\"back-to-top\"><a href=\"#top\" class=\"ancora-top\">Torna all&#8217;indice<\/a><\/div>\n<div class=\"letter\">\n<h2><a name=\"T\" class=\"ancor-t\">#T<\/a><\/h2>\n<\/p><\/div>\n<div class=\"post-glossary\">\n<h3>TESSILE<\/h3>\n<p>L\u2019industria tessile necessita di sistemi di raffreddamento sia per la termoregolazione dell\u2019<strong>olio dei telai<\/strong>, che nella produzione tessile lavorano a elevatissime velocit\u00e0 generando grandi quantit\u00e0 di calore, sia per applicazioni di <strong>asciugatura<\/strong>, <strong>finitura<\/strong> e <strong>finissaggio<\/strong> dei tessuti.<br \/>\nLe soluzioni di termoregolazione per l\u2019industria tessile sviluppate da Tempco impiegano <strong>scambiatori di calore<\/strong> compatti, scambiatori TCOIL e <strong>sistemi in free cooling<\/strong> ad hoc per ottenere il maggior livello di <strong>risparmio energetico<\/strong> possibile.<\/p>\n<\/p><\/div>\n<div class=\"back-to-top\"><a href=\"#top\" class=\"ancora-top\">Torna all&#8217;indice<\/a><\/div>\n<\/div>\n","protected":false},"excerpt":{"rendered":"<p>Settori ACDFMNPRT #A ALIMENTARE La produzione di cibi e bevande richiede numerose fasi di regolazione della temperatura nelle lavorazioni e [&hellip;]<\/p>\n","protected":false},"author":10,"featured_media":0,"parent":0,"menu_order":0,"comment_status":"closed","ping_status":"closed","template":"","meta":[],"yoast_head":"<!-- This site is optimized with the Yoast SEO plugin v20.5 - https:\/\/yoast.com\/wordpress\/plugins\/seo\/ -->\n<title>Settori - Tempco Blog<\/title>\n<meta name=\"description\" content=\"Una lista descrittiva dei settori produttivi in cui si usano processi di controllo dell&#039;energia termica\" \/>\n<meta name=\"robots\" content=\"index, follow, max-snippet:-1, max-image-preview:large, max-video-preview:-1\" \/>\n<link rel=\"canonical\" href=\"https:\/\/www.tempco.it\/blog\/settori\/\" \/>\n<meta property=\"og:locale\" content=\"it_IT\" \/>\n<meta property=\"og:type\" content=\"article\" \/>\n<meta property=\"og:title\" content=\"Settori - Tempco Blog\" \/>\n<meta property=\"og:description\" content=\"Una lista descrittiva dei settori produttivi in cui si usano processi di controllo dell&#039;energia termica\" \/>\n<meta property=\"og:url\" content=\"https:\/\/www.tempco.it\/blog\/settori\/\" \/>\n<meta property=\"og:site_name\" content=\"Tempco Blog\" \/>\n<meta property=\"article:publisher\" content=\"https:\/\/www.facebook.com\/tempco.srl\" \/>\n<meta property=\"article:modified_time\" content=\"2025-07-10T12:35:48+00:00\" \/>\n<meta property=\"og:image\" content=\"https:\/\/www.tempco.it\/blog\/wp-content\/uploads\/2022\/12\/logo_big.jpg\" \/>\n\t<meta property=\"og:image:width\" content=\"317\" \/>\n\t<meta property=\"og:image:height\" content=\"317\" \/>\n\t<meta property=\"og:image:type\" content=\"image\/jpeg\" \/>\n<meta name=\"twitter:card\" content=\"summary_large_image\" \/>\n<meta name=\"twitter:site\" content=\"@Tempco_it\" \/>\n<meta name=\"twitter:label1\" content=\"Tempo di lettura stimato\" \/>\n\t<meta name=\"twitter:data1\" content=\"6 minuti\" \/>\n<script type=\"application\/ld+json\" class=\"yoast-schema-graph\">{\"@context\":\"https:\/\/schema.org\",\"@graph\":[{\"@type\":\"WebPage\",\"@id\":\"https:\/\/www.tempco.it\/blog\/settori\/\",\"url\":\"https:\/\/www.tempco.it\/blog\/settori\/\",\"name\":\"Settori - Tempco Blog\",\"isPartOf\":{\"@id\":\"https:\/\/www.tempco.it\/blog\/#website\"},\"datePublished\":\"2024-05-15T17:42:31+00:00\",\"dateModified\":\"2025-07-10T12:35:48+00:00\",\"description\":\"Una lista descrittiva dei settori produttivi in cui si usano processi di controllo dell'energia termica\",\"breadcrumb\":{\"@id\":\"https:\/\/www.tempco.it\/blog\/settori\/#breadcrumb\"},\"inLanguage\":\"it-IT\",\"potentialAction\":[{\"@type\":\"ReadAction\",\"target\":[\"https:\/\/www.tempco.it\/blog\/settori\/\"]}]},{\"@type\":\"BreadcrumbList\",\"@id\":\"https:\/\/www.tempco.it\/blog\/settori\/#breadcrumb\",\"itemListElement\":[{\"@type\":\"ListItem\",\"position\":1,\"name\":\"Home\",\"item\":\"https:\/\/www.tempco.it\/blog\/\"},{\"@type\":\"ListItem\",\"position\":2,\"name\":\"Settori\"}]},{\"@type\":\"WebSite\",\"@id\":\"https:\/\/www.tempco.it\/blog\/#website\",\"url\":\"https:\/\/www.tempco.it\/blog\/\",\"name\":\"Tempco Blog\",\"description\":\"Soluzioni per l&#039;energia termica\",\"publisher\":{\"@id\":\"https:\/\/www.tempco.it\/blog\/#organization\"},\"potentialAction\":[{\"@type\":\"SearchAction\",\"target\":{\"@type\":\"EntryPoint\",\"urlTemplate\":\"https:\/\/www.tempco.it\/blog\/?s={search_term_string}\"},\"query-input\":\"required name=search_term_string\"}],\"inLanguage\":\"it-IT\"},{\"@type\":\"Organization\",\"@id\":\"https:\/\/www.tempco.it\/blog\/#organization\",\"name\":\"Tempco Srl\",\"url\":\"https:\/\/www.tempco.it\/blog\/\",\"logo\":{\"@type\":\"ImageObject\",\"inLanguage\":\"it-IT\",\"@id\":\"https:\/\/www.tempco.it\/blog\/#\/schema\/logo\/image\/\",\"url\":\"https:\/\/www.tempco.it\/blog\/wp-content\/uploads\/2022\/12\/logo_big.jpg\",\"contentUrl\":\"https:\/\/www.tempco.it\/blog\/wp-content\/uploads\/2022\/12\/logo_big.jpg\",\"width\":317,\"height\":317,\"caption\":\"Tempco Srl\"},\"image\":{\"@id\":\"https:\/\/www.tempco.it\/blog\/#\/schema\/logo\/image\/\"},\"sameAs\":[\"https:\/\/www.facebook.com\/tempco.srl\",\"https:\/\/twitter.com\/Tempco_it\",\"https:\/\/www.youtube.com\/c\/TempcoItalia\",\"https:\/\/www.linkedin.com\/company\/tempcoitaly\/about\/\",\"https:\/\/www.instagram.com\/tempco_solidtemperature\/\"]}]}<\/script>\n<!-- \/ Yoast SEO plugin. -->","yoast_head_json":{"title":"Settori - Tempco Blog","description":"Una lista descrittiva dei settori produttivi in cui si usano processi di controllo dell'energia termica","robots":{"index":"index","follow":"follow","max-snippet":"max-snippet:-1","max-image-preview":"max-image-preview:large","max-video-preview":"max-video-preview:-1"},"canonical":"https:\/\/www.tempco.it\/blog\/settori\/","og_locale":"it_IT","og_type":"article","og_title":"Settori - Tempco Blog","og_description":"Una lista descrittiva dei settori produttivi in cui si usano processi di controllo dell'energia termica","og_url":"https:\/\/www.tempco.it\/blog\/settori\/","og_site_name":"Tempco Blog","article_publisher":"https:\/\/www.facebook.com\/tempco.srl","article_modified_time":"2025-07-10T12:35:48+00:00","og_image":[{"width":317,"height":317,"url":"https:\/\/www.tempco.it\/blog\/wp-content\/uploads\/2022\/12\/logo_big.jpg","type":"image\/jpeg"}],"twitter_card":"summary_large_image","twitter_site":"@Tempco_it","twitter_misc":{"Tempo di lettura stimato":"6 minuti"},"schema":{"@context":"https:\/\/schema.org","@graph":[{"@type":"WebPage","@id":"https:\/\/www.tempco.it\/blog\/settori\/","url":"https:\/\/www.tempco.it\/blog\/settori\/","name":"Settori - Tempco Blog","isPartOf":{"@id":"https:\/\/www.tempco.it\/blog\/#website"},"datePublished":"2024-05-15T17:42:31+00:00","dateModified":"2025-07-10T12:35:48+00:00","description":"Una lista descrittiva dei settori produttivi in cui si usano processi di controllo dell'energia termica","breadcrumb":{"@id":"https:\/\/www.tempco.it\/blog\/settori\/#breadcrumb"},"inLanguage":"it-IT","potentialAction":[{"@type":"ReadAction","target":["https:\/\/www.tempco.it\/blog\/settori\/"]}]},{"@type":"BreadcrumbList","@id":"https:\/\/www.tempco.it\/blog\/settori\/#breadcrumb","itemListElement":[{"@type":"ListItem","position":1,"name":"Home","item":"https:\/\/www.tempco.it\/blog\/"},{"@type":"ListItem","position":2,"name":"Settori"}]},{"@type":"WebSite","@id":"https:\/\/www.tempco.it\/blog\/#website","url":"https:\/\/www.tempco.it\/blog\/","name":"Tempco Blog","description":"Soluzioni per l&#039;energia termica","publisher":{"@id":"https:\/\/www.tempco.it\/blog\/#organization"},"potentialAction":[{"@type":"SearchAction","target":{"@type":"EntryPoint","urlTemplate":"https:\/\/www.tempco.it\/blog\/?s={search_term_string}"},"query-input":"required name=search_term_string"}],"inLanguage":"it-IT"},{"@type":"Organization","@id":"https:\/\/www.tempco.it\/blog\/#organization","name":"Tempco Srl","url":"https:\/\/www.tempco.it\/blog\/","logo":{"@type":"ImageObject","inLanguage":"it-IT","@id":"https:\/\/www.tempco.it\/blog\/#\/schema\/logo\/image\/","url":"https:\/\/www.tempco.it\/blog\/wp-content\/uploads\/2022\/12\/logo_big.jpg","contentUrl":"https:\/\/www.tempco.it\/blog\/wp-content\/uploads\/2022\/12\/logo_big.jpg","width":317,"height":317,"caption":"Tempco Srl"},"image":{"@id":"https:\/\/www.tempco.it\/blog\/#\/schema\/logo\/image\/"},"sameAs":["https:\/\/www.facebook.com\/tempco.srl","https:\/\/twitter.com\/Tempco_it","https:\/\/www.youtube.com\/c\/TempcoItalia","https:\/\/www.linkedin.com\/company\/tempcoitaly\/about\/","https:\/\/www.instagram.com\/tempco_solidtemperature\/"]}]}},"_links":{"self":[{"href":"https:\/\/www.tempco.it\/blog\/wp-json\/wp\/v2\/pages\/10024"}],"collection":[{"href":"https:\/\/www.tempco.it\/blog\/wp-json\/wp\/v2\/pages"}],"about":[{"href":"https:\/\/www.tempco.it\/blog\/wp-json\/wp\/v2\/types\/page"}],"author":[{"embeddable":true,"href":"https:\/\/www.tempco.it\/blog\/wp-json\/wp\/v2\/users\/10"}],"replies":[{"embeddable":true,"href":"https:\/\/www.tempco.it\/blog\/wp-json\/wp\/v2\/comments?post=10024"}],"version-history":[{"count":5,"href":"https:\/\/www.tempco.it\/blog\/wp-json\/wp\/v2\/pages\/10024\/revisions"}],"predecessor-version":[{"id":10660,"href":"https:\/\/www.tempco.it\/blog\/wp-json\/wp\/v2\/pages\/10024\/revisions\/10660"}],"wp:attachment":[{"href":"https:\/\/www.tempco.it\/blog\/wp-json\/wp\/v2\/media?parent=10024"}],"curies":[{"name":"wp","href":"https:\/\/api.w.org\/{rel}","templated":true}]}}